{"id":789,"date":"2025-03-04T22:46:21","date_gmt":"2025-03-05T04:46:21","guid":{"rendered":"https:\/\/thecostaride.com\/servicios\/"},"modified":"2025-04-08T13:24:57","modified_gmt":"2025-04-08T19:24:57","slug":"servicios","status":"publish","type":"page","link":"https:\/\/thecostaride.com\/es\/servicios\/","title":{"rendered":"Servicios"},"content":{"rendered":"\t\t<div data-elementor-type=\"wp-page\" data-elementor-id=\"789\" class=\"elementor elementor-789\" data-elementor-post-type=\"page\">\n\t\t\t\t<div class=\"elementor-element elementor-element-9105bd6 e-flex e-con-boxed e-con e-parent\" data-id=\"9105bd6\" data-element_type=\"container\" data-settings=\"{&quot;background_background&quot;:&quot;classic&quot;}\">\n\t\t\t\t\t<div class=\"e-con-inner\">\n\t\t\t\t<div class=\"elementor-element elementor-element-4c466b1 elementor-invisible elementor-widget elementor-widget-heading\" data-id=\"4c466b1\" data-element_type=\"widget\" data-settings=\"{&quot;_animation&quot;:&quot;fadeInUp&quot;}\" data-widget_type=\"heading.default\">\n\t\t\t\t<div class=\"elementor-widget-container\">\n\t\t\t\t\t<h2 class=\"elementor-heading-title elementor-size-default\">Descubre Costa Rica con nuestros servicios de transporte<\/h2>\t\t\t\t<\/div>\n\t\t\t\t<\/div>\n\t\t\t\t<div class=\"elementor-element elementor-element-9c0b2f6 elementor-invisible elementor-widget elementor-widget-heading\" data-id=\"9c0b2f6\" data-element_type=\"widget\" data-settings=\"{&quot;_animation&quot;:&quot;fadeInUp&quot;}\" data-widget_type=\"heading.default\">\n\t\t\t\t<div class=\"elementor-widget-container\">\n\t\t\t\t\t<h1 class=\"elementor-heading-title elementor-size-default\">confiables para una aventura inolvidable<\/h1>\t\t\t\t<\/div>\n\t\t\t\t<\/div>\n\t\t\t\t\t<\/div>\n\t\t\t\t<\/div>\n\t\t<div class=\"elementor-element elementor-element-fc71e16 e-flex e-con-boxed e-con e-parent\" data-id=\"fc71e16\" data-element_type=\"container\" data-settings=\"{&quot;background_background&quot;:&quot;classic&quot;}\">\n\t\t\t\t\t<div class=\"e-con-inner\">\n\t\t\t\t\t<\/div>\n\t\t\t\t<\/div>\n\t\t<div class=\"elementor-element elementor-element-1cbfc30 e-flex e-con-boxed e-con e-parent\" data-id=\"1cbfc30\" data-element_type=\"container\" data-settings=\"{&quot;background_background&quot;:&quot;classic&quot;}\">\n\t\t\t\t\t<div class=\"e-con-inner\">\n\t\t<div class=\"elementor-element elementor-element-a9f545b e-con-full e-flex e-con e-child\" data-id=\"a9f545b\" data-element_type=\"container\">\n\t\t\t\t<div class=\"elementor-element elementor-element-0248b79 elementor-invisible elementor-widget elementor-widget-heading\" data-id=\"0248b79\" data-element_type=\"widget\" data-settings=\"{&quot;_animation&quot;:&quot;fadeInUp&quot;}\" data-widget_type=\"heading.default\">\n\t\t\t\t<div class=\"elementor-widget-container\">\n\t\t\t\t\t<h2 class=\"elementor-heading-title elementor-size-default\">Transporte privado<\/h2>\t\t\t\t<\/div>\n\t\t\t\t<\/div>\n\t\t\t\t<\/div>\n\t\t<div class=\"elementor-element elementor-element-51460ff e-con-full e-flex e-con e-child\" data-id=\"51460ff\" data-element_type=\"container\">\n\t\t<div class=\"elementor-element elementor-element-128e2a3 e-con-full e-flex e-con e-child\" data-id=\"128e2a3\" data-element_type=\"container\">\n\t\t\t\t<\/div>\n\t\t<div class=\"elementor-element elementor-element-23d278e e-con-full e-flex e-con e-child\" data-id=\"23d278e\" data-element_type=\"container\">\n\t\t\t\t<div class=\"elementor-element elementor-element-0fced2f elementor-invisible elementor-widget elementor-widget-text-editor\" data-id=\"0fced2f\" data-element_type=\"widget\" data-settings=\"{&quot;_animation&quot;:&quot;fadeInUp&quot;}\" data-widget_type=\"text-editor.default\">\n\t\t\t\t<div class=\"elementor-widget-container\">\n\t\t\t\t\t\t\t\t\t<p class=\"\" data-start=\"864\" data-end=\"1039\">Vive la libertad de explorar Costa Rica con nuestro exclusivo servicio de transporte privado, dise\u00f1ado para ofrecer seguridad, comodidad y total flexibilidad en cada trayecto.<\/p><p class=\"\" data-start=\"1041\" data-end=\"1221\">Nuestra flota est\u00e1 compuesta por modernas minivans con aire acondicionado, meticulosamente mantenidas y operadas por profesionales costarricenses biling\u00fces, puntuales y confiables.<\/p><p class=\"\" data-start=\"1223\" data-end=\"1355\">Adem\u00e1s, ofrecemos una hora de espera gratuita con cada traslado, ideal para capturar recuerdos, descansar o disfrutar de una comida.<\/p><p class=\"\" data-start=\"1357\" data-end=\"1508\">Mantente conectado con Wi-Fi disponible en todos los veh\u00edculos, mientras nuestros conductores comparten los secretos y bellezas de este incre\u00edble pa\u00eds.<\/p>\t\t\t\t\t\t\t\t<\/div>\n\t\t\t\t<\/div>\n\t\t\t\t<div class=\"elementor-element elementor-element-01a1d65 elementor-widget elementor-widget-button\" data-id=\"01a1d65\" data-element_type=\"widget\" data-widget_type=\"button.default\">\n\t\t\t\t<div class=\"elementor-widget-container\">\n\t\t\t\t\t\t\t\t\t<div class=\"elementor-button-wrapper\">\n\t\t\t\t\t<a class=\"elementor-button elementor-button-link elementor-size-sm\" href=\"\/es\/contactanos\/\">\n\t\t\t\t\t\t<span class=\"elementor-button-content-wrapper\">\n\t\t\t\t\t\t\t\t\t<span class=\"elementor-button-text\">Cont\u00e1ctanos<\/span>\n\t\t\t\t\t<\/span>\n\t\t\t\t\t<\/a>\n\t\t\t\t<\/div>\n\t\t\t\t\t\t\t\t<\/div>\n\t\t\t\t<\/div>\n\t\t\t\t<\/div>\n\t\t\t\t<\/div>\n\t\t<div class=\"elementor-element elementor-element-85624f2 e-con-full e-flex e-con e-child\" data-id=\"85624f2\" data-element_type=\"container\">\n\t\t\t\t<\/div>\n\t\t\t\t\t<\/div>\n\t\t\t\t<\/div>\n\t\t<div class=\"elementor-element elementor-element-0134112 e-flex e-con-boxed e-con e-parent\" data-id=\"0134112\" data-element_type=\"container\" data-settings=\"{&quot;background_background&quot;:&quot;classic&quot;}\">\n\t\t\t\t\t<div class=\"e-con-inner\">\n\t\t\t\t\t<\/div>\n\t\t\t\t<\/div>\n\t\t<div class=\"elementor-element elementor-element-86aa4a0 e-flex e-con-boxed e-con e-parent\" data-id=\"86aa4a0\" data-element_type=\"container\" data-settings=\"{&quot;background_background&quot;:&quot;slideshow&quot;,&quot;background_slideshow_gallery&quot;:[{&quot;id&quot;:1379,&quot;url&quot;:&quot;https:\\\/\\\/thecostaride.com\\\/wp-content\\\/uploads\\\/2025\\\/04\\\/image-1.webp&quot;}],&quot;background_slideshow_loop&quot;:&quot;yes&quot;,&quot;background_slideshow_slide_duration&quot;:5000,&quot;background_slideshow_slide_transition&quot;:&quot;fade&quot;,&quot;background_slideshow_transition_duration&quot;:500}\">\n\t\t\t\t\t<div class=\"e-con-inner\">\n\t\t<div class=\"elementor-element elementor-element-40c8353 e-con-full e-flex e-con e-child\" data-id=\"40c8353\" data-element_type=\"container\">\n\t\t<div class=\"elementor-element elementor-element-eb2792a e-con-full e-flex e-con e-child\" data-id=\"eb2792a\" data-element_type=\"container\">\n\t\t\t\t<div class=\"elementor-element elementor-element-cf25396 elementor-widget elementor-widget-heading\" data-id=\"cf25396\" data-element_type=\"widget\" data-widget_type=\"heading.default\">\n\t\t\t\t<div class=\"elementor-widget-container\">\n\t\t\t\t\t<h2 class=\"elementor-heading-title elementor-size-default\">Traslados al aeropuerto<\/h2>\t\t\t\t<\/div>\n\t\t\t\t<\/div>\n\t\t\t\t<div class=\"elementor-element elementor-element-db88774 elementor-widget elementor-widget-text-editor\" data-id=\"db88774\" data-element_type=\"widget\" data-widget_type=\"text-editor.default\">\n\t\t\t\t<div class=\"elementor-widget-container\">\n\t\t\t\t\t\t\t\t\t<article class=\"text-token-text-primary w-full\" dir=\"auto\" data-testid=\"conversation-turn-20\" data-scroll-anchor=\"true\"><div class=\"text-base my-auto mx-auto py-5 px-6\"><div class=\"mx-auto flex flex-1 text-base gap-4 md:gap-5 lg:gap-6 md:max-w-3xl lg:max-w-[40rem] xl:max-w-[48rem] group\/turn-messages focus-visible:outline-hidden\" tabindex=\"-1\"><div class=\"group\/conversation-turn relative flex w-full min-w-0 flex-col agent-turn @xs\/thread:px-0 @sm\/thread:px-1.5 @md\/thread:px-4\"><div class=\"relative flex-col gap-1 md:gap-3\"><div class=\"flex max-w-full flex-col grow\"><div class=\"min-h-8 text-message relative flex w-full flex-col items-end gap-2 text-start break-words whitespace-normal [.text-message+&amp;]:mt-5\" dir=\"auto\" data-message-author-role=\"assistant\" data-message-id=\"b0761f60-ce66-4d58-8a4a-6e8f4fa960f6\" data-message-model-slug=\"gpt-4o\"><div class=\"flex w-full flex-col gap-1 empty:hidden first:pt-[3px]\"><div class=\"markdown prose dark:prose-invert w-full break-words dark\"><ul><li id=\"tw-target-text\" class=\"tw-data-text tw-text-large tw-ta\" dir=\"ltr\" data-placeholder=\"Traducci\u00f3n\" data-ved=\"2ahUKEwio79-ysL6MAxUFRzABHXPKEZEQ3ewLegQICBAV\" aria-label=\"Texto traducido: Recogida y regreso a los aeropuertos internacionales de Costa Rica. Monitoreo de vuelos para garantizar un servicio puntual. Asistencia con el equipaje.\"><span class=\"Y2IQFc\" lang=\"es\">Recogida y regreso a los aeropuertos <\/span><span class=\"Y2IQFc\" lang=\"es\">internacionales de Costa Rica.<\/span><\/li><li class=\"tw-data-text tw-text-large tw-ta\" dir=\"ltr\" data-placeholder=\"Traducci\u00f3n\" data-ved=\"2ahUKEwio79-ysL6MAxUFRzABHXPKEZEQ3ewLegQICBAV\" aria-label=\"Texto traducido: Recogida y regreso a los aeropuertos internacionales de Costa Rica. Monitoreo de vuelos para garantizar un servicio puntual. Asistencia con el equipaje.\"><span class=\"Y2IQFc\" lang=\"es\">Monitoreo de vuelos para garantizar un servicio puntual.<\/span><\/li><li class=\"tw-data-text tw-text-large tw-ta\" dir=\"ltr\" data-placeholder=\"Traducci\u00f3n\" data-ved=\"2ahUKEwio79-ysL6MAxUFRzABHXPKEZEQ3ewLegQICBAV\" aria-label=\"Texto traducido: Recogida y regreso a los aeropuertos internacionales de Costa Rica. Monitoreo de vuelos para garantizar un servicio puntual. Asistencia con el equipaje.\"><span class=\"Y2IQFc\" lang=\"es\">Asistencia con el equipaje.<\/span><\/li><\/ul><\/div><\/div><\/div><\/div><\/div><\/div><\/div><\/div><\/article>\t\t\t\t\t\t\t\t<\/div>\n\t\t\t\t<\/div>\n\t\t\t\t<div class=\"elementor-element elementor-element-740367f elementor-widget elementor-widget-button\" data-id=\"740367f\" data-element_type=\"widget\" data-widget_type=\"button.default\">\n\t\t\t\t<div class=\"elementor-widget-container\">\n\t\t\t\t\t\t\t\t\t<div class=\"elementor-button-wrapper\">\n\t\t\t\t\t<a class=\"elementor-button elementor-button-link elementor-size-sm\" href=\"\/es\/contactanos\/\">\n\t\t\t\t\t\t<span class=\"elementor-button-content-wrapper\">\n\t\t\t\t\t\t\t\t\t<span class=\"elementor-button-text\">Cont\u00e1ctanos<\/span>\n\t\t\t\t\t<\/span>\n\t\t\t\t\t<\/a>\n\t\t\t\t<\/div>\n\t\t\t\t\t\t\t\t<\/div>\n\t\t\t\t<\/div>\n\t\t\t\t<\/div>\n\t\t\t\t<\/div>\n\t\t<div class=\"elementor-element elementor-element-b056f4e e-con-full e-flex e-con e-child\" data-id=\"b056f4e\" data-element_type=\"container\">\n\t\t\t\t<\/div>\n\t\t<div class=\"elementor-element elementor-element-262e9fa e-con-full e-flex e-con e-child\" data-id=\"262e9fa\" data-element_type=\"container\">\n\t\t\t\t<\/div>\n\t\t\t\t\t<\/div>\n\t\t\t\t<\/div>\n\t\t<div class=\"elementor-element elementor-element-eafe43e e-flex e-con-boxed e-con e-parent\" data-id=\"eafe43e\" data-element_type=\"container\" data-settings=\"{&quot;background_background&quot;:&quot;classic&quot;}\">\n\t\t\t\t\t<div class=\"e-con-inner\">\n\t\t\t\t\t<\/div>\n\t\t\t\t<\/div>\n\t\t<div class=\"elementor-element elementor-element-40a2596 e-flex e-con-boxed e-con e-parent\" data-id=\"40a2596\" data-element_type=\"container\" data-settings=\"{&quot;background_background&quot;:&quot;slideshow&quot;,&quot;background_slideshow_gallery&quot;:[{&quot;id&quot;:1384,&quot;url&quot;:&quot;https:\\\/\\\/thecostaride.com\\\/wp-content\\\/uploads\\\/2025\\\/04\\\/travel-storytelling-couple-2.webp&quot;}],&quot;background_slideshow_loop&quot;:&quot;yes&quot;,&quot;background_slideshow_slide_duration&quot;:5000,&quot;background_slideshow_slide_transition&quot;:&quot;fade&quot;,&quot;background_slideshow_transition_duration&quot;:500}\">\n\t\t\t\t\t<div class=\"e-con-inner\">\n\t\t<div class=\"elementor-element elementor-element-42ec708 e-con-full e-flex e-con e-child\" data-id=\"42ec708\" data-element_type=\"container\">\n\t\t\t\t<\/div>\n\t\t<div class=\"elementor-element elementor-element-f5d69fe e-con-full e-flex e-con e-child\" data-id=\"f5d69fe\" data-element_type=\"container\">\n\t\t\t\t<div class=\"elementor-element elementor-element-81755c1 elementor-widget elementor-widget-heading\" data-id=\"81755c1\" data-element_type=\"widget\" data-widget_type=\"heading.default\">\n\t\t\t\t<div class=\"elementor-widget-container\">\n\t\t\t\t\t<h2 class=\"elementor-heading-title elementor-size-default\">Tours y excursiones<\/h2>\t\t\t\t<\/div>\n\t\t\t\t<\/div>\n\t\t\t\t<div class=\"elementor-element elementor-element-dcc197f elementor-widget elementor-widget-text-editor\" data-id=\"dcc197f\" data-element_type=\"widget\" data-widget_type=\"text-editor.default\">\n\t\t\t\t<div class=\"elementor-widget-container\">\n\t\t\t\t\t\t\t\t\t<ul><li class=\"\" data-start=\"66\" data-end=\"127\"><p>Paquetes tur\u00edsticos que incluyen transporte y actividades.<\/p><\/li><li class=\"\" data-start=\"66\" data-end=\"127\"><p>Excursiones a parques nacionales, volcanes, playas y otras atracciones tur\u00edsticas.<\/p><\/li><li class=\"\" data-start=\"66\" data-end=\"127\"><p>Gu\u00edas tur\u00edsticos locales.<\/p><\/li><\/ul>\t\t\t\t\t\t\t\t<\/div>\n\t\t\t\t<\/div>\n\t\t\t\t<div class=\"elementor-element elementor-element-17d1c44 elementor-widget elementor-widget-button\" data-id=\"17d1c44\" data-element_type=\"widget\" data-widget_type=\"button.default\">\n\t\t\t\t<div class=\"elementor-widget-container\">\n\t\t\t\t\t\t\t\t\t<div class=\"elementor-button-wrapper\">\n\t\t\t\t\t<a class=\"elementor-button elementor-button-link elementor-size-sm\" href=\"\/es\/contactanos\/\">\n\t\t\t\t\t\t<span class=\"elementor-button-content-wrapper\">\n\t\t\t\t\t\t\t\t\t<span class=\"elementor-button-text\">Cont\u00e1ctanos<\/span>\n\t\t\t\t\t<\/span>\n\t\t\t\t\t<\/a>\n\t\t\t\t<\/div>\n\t\t\t\t\t\t\t\t<\/div>\n\t\t\t\t<\/div>\n\t\t\t\t<\/div>\n\t\t<div class=\"elementor-element elementor-element-42e651e e-con-full e-flex e-con e-child\" data-id=\"42e651e\" data-element_type=\"container\">\n\t\t\t\t<\/div>\n\t\t\t\t\t<\/div>\n\t\t\t\t<\/div>\n\t\t<div class=\"elementor-element elementor-element-3994ff9 e-flex e-con-boxed e-con e-parent\" data-id=\"3994ff9\" data-element_type=\"container\" data-settings=\"{&quot;background_background&quot;:&quot;classic&quot;}\">\n\t\t\t\t\t<div class=\"e-con-inner\">\n\t\t\t\t\t<\/div>\n\t\t\t\t<\/div>\n\t\t<div class=\"elementor-element elementor-element-c738939 e-flex e-con-boxed e-con e-parent\" data-id=\"c738939\" data-element_type=\"container\" data-settings=\"{&quot;background_background&quot;:&quot;slideshow&quot;,&quot;background_slideshow_gallery&quot;:[{&quot;id&quot;:1386,&quot;url&quot;:&quot;https:\\\/\\\/thecostaride.com\\\/wp-content\\\/uploads\\\/2025\\\/04\\\/businesswoman-getting-taxi-cab.webp&quot;}],&quot;background_slideshow_loop&quot;:&quot;yes&quot;,&quot;background_slideshow_slide_duration&quot;:5000,&quot;background_slideshow_slide_transition&quot;:&quot;fade&quot;,&quot;background_slideshow_transition_duration&quot;:500}\">\n\t\t\t\t\t<div class=\"e-con-inner\">\n\t\t<div class=\"elementor-element elementor-element-3f6c76d e-con-full e-flex e-con e-child\" data-id=\"3f6c76d\" data-element_type=\"container\">\n\t\t\t\t<div class=\"elementor-element elementor-element-1643f87 elementor-widget elementor-widget-heading\" data-id=\"1643f87\" data-element_type=\"widget\" data-widget_type=\"heading.default\">\n\t\t\t\t<div class=\"elementor-widget-container\">\n\t\t\t\t\t<h2 class=\"elementor-heading-title elementor-size-default\">Servicios adicionales<\/h2>\t\t\t\t<\/div>\n\t\t\t\t<\/div>\n\t\t\t\t<div class=\"elementor-element elementor-element-107ce09 elementor-widget elementor-widget-text-editor\" data-id=\"107ce09\" data-element_type=\"widget\" data-widget_type=\"text-editor.default\">\n\t\t\t\t<div class=\"elementor-widget-container\">\n\t\t\t\t\t\t\t\t\t<ul><li data-start=\"50\" data-end=\"82\">Veh\u00edculos con aire acondicionado<\/li><li data-start=\"50\" data-end=\"82\">Choferes profesionales y biling\u00fces<\/li><li data-start=\"50\" data-end=\"82\">Reservaciones en l\u00ednea<\/li><li data-start=\"50\" data-end=\"82\">Informaci\u00f3n sobre destinos tur\u00edsticos<\/li><li data-start=\"50\" data-end=\"82\">Informaci\u00f3n sobre lugares de inter\u00e9s<\/li><li data-start=\"50\" data-end=\"82\">Informaci\u00f3n sobre actividades tur\u00edsticas<\/li><\/ul>\t\t\t\t\t\t\t\t<\/div>\n\t\t\t\t<\/div>\n\t\t\t\t<div class=\"elementor-element elementor-element-94ee7c4 elementor-widget elementor-widget-text-editor\" data-id=\"94ee7c4\" data-element_type=\"widget\" data-widget_type=\"text-editor.default\">\n\t\t\t\t<div class=\"elementor-widget-container\">\n\t\t\t\t\t\t\t\t\t<p>Estos servicios est\u00e1n dise\u00f1ados para brindar a los turistas una experiencia de transporte c\u00f3moda, segura y confiable en Costa Rica.<\/p>\t\t\t\t\t\t\t\t<\/div>\n\t\t\t\t<\/div>\n\t\t\t\t<div class=\"elementor-element elementor-element-310ea2b elementor-widget elementor-widget-button\" data-id=\"310ea2b\" data-element_type=\"widget\" data-widget_type=\"button.default\">\n\t\t\t\t<div class=\"elementor-widget-container\">\n\t\t\t\t\t\t\t\t\t<div class=\"elementor-button-wrapper\">\n\t\t\t\t\t<a class=\"elementor-button elementor-button-link elementor-size-sm\" href=\"\/es\/contactanos\/\">\n\t\t\t\t\t\t<span class=\"elementor-button-content-wrapper\">\n\t\t\t\t\t\t\t\t\t<span class=\"elementor-button-text\">Cont\u00e1ctanos<\/span>\n\t\t\t\t\t<\/span>\n\t\t\t\t\t<\/a>\n\t\t\t\t<\/div>\n\t\t\t\t\t\t\t\t<\/div>\n\t\t\t\t<\/div>\n\t\t\t\t<\/div>\n\t\t<div class=\"elementor-element elementor-element-59ba654 e-con-full e-flex e-con e-child\" data-id=\"59ba654\" data-element_type=\"container\">\n\t\t\t\t<\/div>\n\t\t<div class=\"elementor-element elementor-element-a6d4cb8 e-con-full e-flex e-con e-child\" data-id=\"a6d4cb8\" data-element_type=\"container\">\n\t\t\t\t<\/div>\n\t\t\t\t\t<\/div>\n\t\t\t\t<\/div>\n\t\t<div class=\"elementor-element elementor-element-ed81a16 e-flex e-con-boxed e-con e-parent\" data-id=\"ed81a16\" data-element_type=\"container\" data-settings=\"{&quot;background_background&quot;:&quot;classic&quot;}\">\n\t\t\t\t\t<div class=\"e-con-inner\">\n\t\t\t\t\t<\/div>\n\t\t\t\t<\/div>\n\t\t\t\t<\/div>\n\t\t","protected":false},"excerpt":{"rendered":"<p>Descubre Costa Rica con nuestros servicios de transporte confiables para una aventura inolvidable Transporte privado Vive la libertad de explorar Costa Rica con nuestro exclusivo servicio de transporte privado, dise\u00f1ado para ofrecer seguridad, comodidad y total flexibilidad en cada trayecto. Nuestra flota est\u00e1 compuesta por modernas minivans con aire acondicionado, meticulosamente mantenidas y operadas por [&hellip;]<\/p>\n","protected":false},"author":1,"featured_media":0,"parent":0,"menu_order":0,"comment_status":"closed","ping_status":"closed","template":"","meta":{"_acf_changed":false,"_joinchat":[],"footnotes":""},"class_list":["post-789","page","type-page","status-publish","hentry"],"acf":[],"yoast_head":"<!-- This site is optimized with the Yoast SEO plugin v26.2 - https:\/\/yoast.com\/wordpress\/plugins\/seo\/ -->\n<title>Servicios - The Costa Ride<\/title>\n<meta name=\"robots\" content=\"index, follow, max-snippet:-1, max-image-preview:large, max-video-preview:-1\" \/>\n<link rel=\"canonical\" href=\"https:\/\/thecostaride.com\/es\/servicios\/\" \/>\n<meta property=\"og:locale\" content=\"es_ES\" \/>\n<meta property=\"og:type\" content=\"article\" \/>\n<meta property=\"og:title\" content=\"Servicios - The Costa Ride\" \/>\n<meta property=\"og:description\" content=\"Descubre Costa Rica con nuestros servicios de transporte confiables para una aventura inolvidable Transporte privado Vive la libertad de explorar Costa Rica con nuestro exclusivo servicio de transporte privado, dise\u00f1ado para ofrecer seguridad, comodidad y total flexibilidad en cada trayecto. Nuestra flota est\u00e1 compuesta por modernas minivans con aire acondicionado, meticulosamente mantenidas y operadas por [&hellip;]\" \/>\n<meta property=\"og:url\" content=\"https:\/\/thecostaride.com\/es\/servicios\/\" \/>\n<meta property=\"og:site_name\" content=\"The Costa Ride\" \/>\n<meta property=\"article:modified_time\" content=\"2025-04-08T19:24:57+00:00\" \/>\n<meta name=\"twitter:card\" content=\"summary_large_image\" \/>\n<meta name=\"twitter:label1\" content=\"Tiempo de lectura\" \/>\n\t<meta name=\"twitter:data1\" content=\"1 minuto\" \/>\n<script type=\"application\/ld+json\" class=\"yoast-schema-graph\">{\"@context\":\"https:\/\/schema.org\",\"@graph\":[{\"@type\":\"WebPage\",\"@id\":\"https:\/\/thecostaride.com\/es\/servicios\/\",\"url\":\"https:\/\/thecostaride.com\/es\/servicios\/\",\"name\":\"Servicios - The Costa Ride\",\"isPartOf\":{\"@id\":\"https:\/\/thecostaride.com\/#website\"},\"datePublished\":\"2025-03-05T04:46:21+00:00\",\"dateModified\":\"2025-04-08T19:24:57+00:00\",\"breadcrumb\":{\"@id\":\"https:\/\/thecostaride.com\/es\/servicios\/#breadcrumb\"},\"inLanguage\":\"es\",\"potentialAction\":[{\"@type\":\"ReadAction\",\"target\":[\"https:\/\/thecostaride.com\/es\/servicios\/\"]}]},{\"@type\":\"BreadcrumbList\",\"@id\":\"https:\/\/thecostaride.com\/es\/servicios\/#breadcrumb\",\"itemListElement\":[{\"@type\":\"ListItem\",\"position\":1,\"name\":\"Home\",\"item\":\"https:\/\/thecostaride.com\/\"},{\"@type\":\"ListItem\",\"position\":2,\"name\":\"Servicios\"}]},{\"@type\":\"WebSite\",\"@id\":\"https:\/\/thecostaride.com\/#website\",\"url\":\"https:\/\/thecostaride.com\/\",\"name\":\"The Costa Ride\",\"description\":\"\",\"publisher\":{\"@id\":\"https:\/\/thecostaride.com\/#organization\"},\"potentialAction\":[{\"@type\":\"SearchAction\",\"target\":{\"@type\":\"EntryPoint\",\"urlTemplate\":\"https:\/\/thecostaride.com\/?s={search_term_string}\"},\"query-input\":{\"@type\":\"PropertyValueSpecification\",\"valueRequired\":true,\"valueName\":\"search_term_string\"}}],\"inLanguage\":\"es\"},{\"@type\":\"Organization\",\"@id\":\"https:\/\/thecostaride.com\/#organization\",\"name\":\"The Costa Ride\",\"url\":\"https:\/\/thecostaride.com\/\",\"logo\":{\"@type\":\"ImageObject\",\"inLanguage\":\"es\",\"@id\":\"https:\/\/thecostaride.com\/#\/schema\/logo\/image\/\",\"url\":\"https:\/\/thecostaride.com\/wp-content\/uploads\/2025\/02\/Logo_Color-2.png\",\"contentUrl\":\"https:\/\/thecostaride.com\/wp-content\/uploads\/2025\/02\/Logo_Color-2.png\",\"width\":172,\"height\":152,\"caption\":\"The Costa Ride\"},\"image\":{\"@id\":\"https:\/\/thecostaride.com\/#\/schema\/logo\/image\/\"}}]}<\/script>\n<!-- \/ Yoast SEO plugin. -->","yoast_head_json":{"title":"Servicios - The Costa Ride","robots":{"index":"index","follow":"follow","max-snippet":"max-snippet:-1","max-image-preview":"max-image-preview:large","max-video-preview":"max-video-preview:-1"},"canonical":"https:\/\/thecostaride.com\/es\/servicios\/","og_locale":"es_ES","og_type":"article","og_title":"Servicios - The Costa Ride","og_description":"Descubre Costa Rica con nuestros servicios de transporte confiables para una aventura inolvidable Transporte privado Vive la libertad de explorar Costa Rica con nuestro exclusivo servicio de transporte privado, dise\u00f1ado para ofrecer seguridad, comodidad y total flexibilidad en cada trayecto. Nuestra flota est\u00e1 compuesta por modernas minivans con aire acondicionado, meticulosamente mantenidas y operadas por [&hellip;]","og_url":"https:\/\/thecostaride.com\/es\/servicios\/","og_site_name":"The Costa Ride","article_modified_time":"2025-04-08T19:24:57+00:00","twitter_card":"summary_large_image","twitter_misc":{"Tiempo de lectura":"1 minuto"},"schema":{"@context":"https:\/\/schema.org","@graph":[{"@type":"WebPage","@id":"https:\/\/thecostaride.com\/es\/servicios\/","url":"https:\/\/thecostaride.com\/es\/servicios\/","name":"Servicios - The Costa Ride","isPartOf":{"@id":"https:\/\/thecostaride.com\/#website"},"datePublished":"2025-03-05T04:46:21+00:00","dateModified":"2025-04-08T19:24:57+00:00","breadcrumb":{"@id":"https:\/\/thecostaride.com\/es\/servicios\/#breadcrumb"},"inLanguage":"es","potentialAction":[{"@type":"ReadAction","target":["https:\/\/thecostaride.com\/es\/servicios\/"]}]},{"@type":"BreadcrumbList","@id":"https:\/\/thecostaride.com\/es\/servicios\/#breadcrumb","itemListElement":[{"@type":"ListItem","position":1,"name":"Home","item":"https:\/\/thecostaride.com\/"},{"@type":"ListItem","position":2,"name":"Servicios"}]},{"@type":"WebSite","@id":"https:\/\/thecostaride.com\/#website","url":"https:\/\/thecostaride.com\/","name":"The Costa Ride","description":"","publisher":{"@id":"https:\/\/thecostaride.com\/#organization"},"potentialAction":[{"@type":"SearchAction","target":{"@type":"EntryPoint","urlTemplate":"https:\/\/thecostaride.com\/?s={search_term_string}"},"query-input":{"@type":"PropertyValueSpecification","valueRequired":true,"valueName":"search_term_string"}}],"inLanguage":"es"},{"@type":"Organization","@id":"https:\/\/thecostaride.com\/#organization","name":"The Costa Ride","url":"https:\/\/thecostaride.com\/","logo":{"@type":"ImageObject","inLanguage":"es","@id":"https:\/\/thecostaride.com\/#\/schema\/logo\/image\/","url":"https:\/\/thecostaride.com\/wp-content\/uploads\/2025\/02\/Logo_Color-2.png","contentUrl":"https:\/\/thecostaride.com\/wp-content\/uploads\/2025\/02\/Logo_Color-2.png","width":172,"height":152,"caption":"The Costa Ride"},"image":{"@id":"https:\/\/thecostaride.com\/#\/schema\/logo\/image\/"}}]}},"_links":{"self":[{"href":"https:\/\/thecostaride.com\/es\/wp-json\/wp\/v2\/pages\/789","targetHints":{"allow":["GET"]}}],"collection":[{"href":"https:\/\/thecostaride.com\/es\/wp-json\/wp\/v2\/pages"}],"about":[{"href":"https:\/\/thecostaride.com\/es\/wp-json\/wp\/v2\/types\/page"}],"author":[{"embeddable":true,"href":"https:\/\/thecostaride.com\/es\/wp-json\/wp\/v2\/users\/1"}],"replies":[{"embeddable":true,"href":"https:\/\/thecostaride.com\/es\/wp-json\/wp\/v2\/comments?post=789"}],"version-history":[{"count":37,"href":"https:\/\/thecostaride.com\/es\/wp-json\/wp\/v2\/pages\/789\/revisions"}],"predecessor-version":[{"id":1532,"href":"https:\/\/thecostaride.com\/es\/wp-json\/wp\/v2\/pages\/789\/revisions\/1532"}],"wp:attachment":[{"href":"https:\/\/thecostaride.com\/es\/wp-json\/wp\/v2\/media?parent=789"}],"curies":[{"name":"wp","href":"https:\/\/api.w.org\/{rel}","templated":true}]}}